{"id":12679,"date":"2022-02-10T13:21:40","date_gmt":"2022-02-10T13:21:40","guid":{"rendered":"https:\/\/andrelandia.mg.gov.br\/site\/?page_id=12679"},"modified":"2026-01-23T15:40:39","modified_gmt":"2026-01-23T15:40:39","slug":"licitacoes-3","status":"publish","type":"page","link":"https:\/\/andrelandia.mg.gov.br\/site\/licitacoes-3\/","title":{"rendered":"Licita\u00e7\u00f5es"},"content":{"rendered":"\t\t<div data-elementor-type=\"wp-page\" data-elementor-id=\"12679\" class=\"elementor elementor-12679\" data-elementor-post-type=\"page\">\n\t\t\t\t\t\t<section class=\"elementor-section elementor-top-section elementor-element elementor-element-a00f81d elementor-section-boxed elementor-section-height-default elementor-section-height-default\" data-id=\"a00f81d\" data-element_type=\"section\">\n\t\t\t\t\t\t<div class=\"elementor-container elementor-column-gap-default\">\n\t\t\t\t\t<div class=\"elementor-column elementor-col-100 elementor-top-column elementor-element elementor-element-d4674ea\" data-id=\"d4674ea\" data-element_type=\"column\">\n\t\t\t<div class=\"elementor-widget-wrap elementor-element-populated\">\n\t\t\t\t\t\t<div class=\"elementor-element elementor-element-33028b5 elementor-widget elementor-widget-spacer\" data-id=\"33028b5\" data-element_type=\"widget\" data-widget_type=\"spacer.default\">\n\t\t\t\t<div class=\"elementor-widget-container\">\n\t\t\t\t\t\t\t<div class=\"elementor-spacer\">\n\t\t\t<div class=\"elementor-spacer-inner\"><\/div>\n\t\t<\/div>\n\t\t\t\t\t\t<\/div>\n\t\t\t\t<\/div>\n\t\t\t\t<div class=\"elementor-element elementor-element-b01fc18 elementor-tabs-view-horizontal elementor-widget elementor-widget-tabs\" data-id=\"b01fc18\" data-element_type=\"widget\" data-widget_type=\"tabs.default\">\n\t\t\t\t<div class=\"elementor-widget-container\">\n\t\t\t\t\t\t\t<div class=\"elementor-tabs\">\n\t\t\t<div class=\"elementor-tabs-wrapper\" role=\"tablist\" >\n\t\t\t\t\t\t\t\t\t<div id=\"elementor-tab-title-1841\" class=\"elementor-tab-title elementor-tab-desktop-title\" aria-selected=\"true\" data-tab=\"1\" role=\"tab\" tabindex=\"0\" aria-controls=\"elementor-tab-content-1841\" aria-expanded=\"false\">Licita\u00e7\u00f5es - Ano 2026<\/div>\n\t\t\t\t\t\t\t\t\t<div id=\"elementor-tab-title-1842\" class=\"elementor-tab-title elementor-tab-desktop-title\" aria-selected=\"false\" data-tab=\"2\" role=\"tab\" tabindex=\"-1\" aria-controls=\"elementor-tab-content-1842\" aria-expanded=\"false\">Licita\u00e7\u00f5es - Ano 2025<\/div>\n\t\t\t\t\t\t\t\t\t<div id=\"elementor-tab-title-1843\" class=\"elementor-tab-title elementor-tab-desktop-title\" aria-selected=\"false\" data-tab=\"3\" role=\"tab\" tabindex=\"-1\" aria-controls=\"elementor-tab-content-1843\" aria-expanded=\"false\">Licita\u00e7\u00f5es - Ano 2024<\/div>\n\t\t\t\t\t\t\t\t\t<div id=\"elementor-tab-title-1844\" class=\"elementor-tab-title elementor-tab-desktop-title\" aria-selected=\"false\" data-tab=\"4\" role=\"tab\" tabindex=\"-1\" aria-controls=\"elementor-tab-content-1844\" aria-expanded=\"false\">Licita\u00e7\u00f5es - Ano 2023<\/div>\n\t\t\t\t\t\t\t\t\t<div id=\"elementor-tab-title-1845\" class=\"elementor-tab-title elementor-tab-desktop-title\" aria-selected=\"false\" data-tab=\"5\" role=\"tab\" tabindex=\"-1\" aria-controls=\"elementor-tab-content-1845\" aria-expanded=\"false\">Licita\u00e7\u00f5es - Ano 2022<\/div>\n\t\t\t\t\t\t\t\t\t<div id=\"elementor-tab-title-1846\" class=\"elementor-tab-title elementor-tab-desktop-title\" aria-selected=\"false\" data-tab=\"6\" role=\"tab\" tabindex=\"-1\" aria-controls=\"elementor-tab-content-1846\" aria-expanded=\"false\">Licita\u00e7\u00f5es - Ano 2021<\/div>\n\t\t\t\t\t\t\t\t\t<div id=\"elementor-tab-title-1847\" class=\"elementor-tab-title elementor-tab-desktop-title\" aria-selected=\"false\" data-tab=\"7\" role=\"tab\" tabindex=\"-1\" aria-controls=\"elementor-tab-content-1847\" aria-expanded=\"false\">Licita\u00e7\u00f5es - Ano 2020<\/div>\n\t\t\t\t\t\t\t<\/div>\n\t\t\t<div class=\"elementor-tabs-content-wrapper\" role=\"tablist\" aria-orientation=\"vertical\">\n\t\t\t\t\t\t\t\t\t<div class=\"elementor-tab-title elementor-tab-mobile-title\" aria-selected=\"true\" data-tab=\"1\" role=\"tab\" tabindex=\"0\" aria-controls=\"elementor-tab-content-1841\" aria-expanded=\"false\">Licita\u00e7\u00f5es - Ano 2026<\/div>\n\t\t\t\t\t<div id=\"elementor-tab-content-1841\" class=\"elementor-tab-content elementor-clearfix\" data-tab=\"1\" role=\"tabpanel\" aria-labelledby=\"elementor-tab-title-1841\" tabindex=\"0\" hidden=\"false\"><p><a href=\"https:\/\/andrelandia.mg.gov.br\/site\/downloads\/editais-2026\/\">Editais &#8211; Clique aqui para acessar<\/a><\/p><p><a href=\"https:\/\/diario.andrelandia.mg.gov.br\/\">Avisos de Licita\u00e7\u00e3o &#8211; Acessar<\/a><\/p><\/div>\n\t\t\t\t\t\t\t\t\t<div class=\"elementor-tab-title elementor-tab-mobile-title\" aria-selected=\"false\" data-tab=\"2\" role=\"tab\" tabindex=\"-1\" aria-controls=\"elementor-tab-content-1842\" aria-expanded=\"false\">Licita\u00e7\u00f5es - Ano 2025<\/div>\n\t\t\t\t\t<div id=\"elementor-tab-content-1842\" class=\"elementor-tab-content elementor-clearfix\" data-tab=\"2\" role=\"tabpanel\" aria-labelledby=\"elementor-tab-title-1842\" tabindex=\"0\" hidden=\"hidden\"><p><a href=\"https:\/\/andrelandia.mg.gov.br\/site\/downloads\/editais-2025\/\">Editais &#8211; Clique aqui para acessar<\/a><\/p><p><a href=\"https:\/\/diario.andrelandia.mg.gov.br\/\">Avisos de Licita\u00e7\u00e3o &#8211; Acessar<\/a><\/p><\/div>\n\t\t\t\t\t\t\t\t\t<div class=\"elementor-tab-title elementor-tab-mobile-title\" aria-selected=\"false\" data-tab=\"3\" role=\"tab\" tabindex=\"-1\" aria-controls=\"elementor-tab-content-1843\" aria-expanded=\"false\">Licita\u00e7\u00f5es - Ano 2024<\/div>\n\t\t\t\t\t<div id=\"elementor-tab-content-1843\" class=\"elementor-tab-content elementor-clearfix\" data-tab=\"3\" role=\"tabpanel\" aria-labelledby=\"elementor-tab-title-1843\" tabindex=\"0\" hidden=\"hidden\"><p><a href=\"https:\/\/andrelandia.mg.gov.br\/site\/downloads\/editais-2024\/\">Editais &#8211; Clique aqui para acessar<\/a><\/p><p><a href=\"https:\/\/diario.andrelandia.mg.gov.br\/\">Avisos de Licita\u00e7\u00e3o &#8211; Acessar<\/a><\/p><\/div>\n\t\t\t\t\t\t\t\t\t<div class=\"elementor-tab-title elementor-tab-mobile-title\" aria-selected=\"false\" data-tab=\"4\" role=\"tab\" tabindex=\"-1\" aria-controls=\"elementor-tab-content-1844\" aria-expanded=\"false\">Licita\u00e7\u00f5es - Ano 2023<\/div>\n\t\t\t\t\t<div id=\"elementor-tab-content-1844\" class=\"elementor-tab-content elementor-clearfix\" data-tab=\"4\" role=\"tabpanel\" aria-labelledby=\"elementor-tab-title-1844\" tabindex=\"0\" hidden=\"hidden\"><p><a href=\"https:\/\/andrelandia.mg.gov.br\/site\/downloads\/editais-2023\/\">Editais &#8211; Clique aqui para acessar<\/a><\/p><p><a href=\"https:\/\/diario.andrelandia.mg.gov.br\/\">Avisos de Licita\u00e7\u00e3o &#8211; Acessar<\/a><\/p><\/div>\n\t\t\t\t\t\t\t\t\t<div class=\"elementor-tab-title elementor-tab-mobile-title\" aria-selected=\"false\" data-tab=\"5\" role=\"tab\" tabindex=\"-1\" aria-controls=\"elementor-tab-content-1845\" aria-expanded=\"false\">Licita\u00e7\u00f5es - Ano 2022<\/div>\n\t\t\t\t\t<div id=\"elementor-tab-content-1845\" class=\"elementor-tab-content elementor-clearfix\" data-tab=\"5\" role=\"tabpanel\" aria-labelledby=\"elementor-tab-title-1845\" tabindex=\"0\" hidden=\"hidden\"><p><a href=\"https:\/\/andrelandia.mg.gov.br\/site\/downloads\/editais-2022\/\">Editais &#8211; Clique aqui para acessar<\/a><\/p><p><a href=\"https:\/\/diario.andrelandia.mg.gov.br\/\">Avisos de Licita\u00e7\u00e3o &#8211; Acessar<\/a><\/p><\/div>\n\t\t\t\t\t\t\t\t\t<div class=\"elementor-tab-title elementor-tab-mobile-title\" aria-selected=\"false\" data-tab=\"6\" role=\"tab\" tabindex=\"-1\" aria-controls=\"elementor-tab-content-1846\" aria-expanded=\"false\">Licita\u00e7\u00f5es - Ano 2021<\/div>\n\t\t\t\t\t<div id=\"elementor-tab-content-1846\" class=\"elementor-tab-content elementor-clearfix\" data-tab=\"6\" role=\"tabpanel\" aria-labelledby=\"elementor-tab-title-1846\" tabindex=\"0\" hidden=\"hidden\"><p><a href=\"https:\/\/andrelandia.mg.gov.br\/site\/downloads\/editais-2021\/\">Clique aqui para acessar<\/a><\/p><\/div>\n\t\t\t\t\t\t\t\t\t<div class=\"elementor-tab-title elementor-tab-mobile-title\" aria-selected=\"false\" data-tab=\"7\" role=\"tab\" tabindex=\"-1\" aria-controls=\"elementor-tab-content-1847\" aria-expanded=\"false\">Licita\u00e7\u00f5es - Ano 2020<\/div>\n\t\t\t\t\t<div id=\"elementor-tab-content-1847\" class=\"elementor-tab-content elementor-clearfix\" data-tab=\"7\" role=\"tabpanel\" aria-labelledby=\"elementor-tab-title-1847\" tabindex=\"0\" hidden=\"hidden\"><p><a href=\"https:\/\/andrelandia.mg.gov.br\/site\/downloads\/editais-2020\/\">Clique aqui para acessar<\/a><\/p><\/div>\n\t\t\t\t\t\t\t<\/div>\n\t\t<\/div>\n\t\t\t\t\t\t<\/div>\n\t\t\t\t<\/div>\n\t\t\t\t\t<\/div>\n\t\t<\/div>\n\t\t\t\t\t<\/div>\n\t\t<\/section>\n\t\t\t\t<section class=\"elementor-section elementor-top-section elementor-element elementor-element-a6d0c9b elementor-section-boxed elementor-section-height-default elementor-section-height-default\" data-id=\"a6d0c9b\" data-element_type=\"section\">\n\t\t\t\t\t\t<div class=\"elementor-container elementor-column-gap-default\">\n\t\t\t\t\t<div class=\"elementor-column elementor-col-100 elementor-top-column elementor-element elementor-element-38fa5e5\" data-id=\"38fa5e5\" data-element_type=\"column\">\n\t\t\t<div class=\"elementor-widget-wrap\">\n\t\t\t\t\t\t\t<\/div>\n\t\t<\/div>\n\t\t\t\t\t<\/div>\n\t\t<\/section>\n\t\t\t\t<\/div>\n\t\t","protected":false},"excerpt":{"rendered":"<p>Licita\u00e7\u00f5es &#8211; Ano 2026 Licita\u00e7\u00f5es &#8211; Ano 2025 Licita\u00e7\u00f5es &#8211; Ano 2024 Licita\u00e7\u00f5es &#8211; Ano 2023 Licita\u00e7\u00f5es &#8211; Ano 2022 Licita\u00e7\u00f5es &#8211; Ano 2021 Licita\u00e7\u00f5es &#8211; Ano 2020 Licita\u00e7\u00f5es &#8211; Ano 2026 Editais \u2013 Clique aqui para acessar Avisos de Licita\u00e7\u00e3o \u2013 Acessar Licita\u00e7\u00f5es &#8211; Ano 2025 Editais \u2013 Clique aqui para acessar Avisos de [&hellip;]<\/p>\n","protected":false},"author":4,"featured_media":0,"parent":0,"menu_order":0,"comment_status":"closed","ping_status":"closed","template":"elementor_header_footer","meta":{"footnotes":""},"class_list":["post-12679","page","type-page","status-publish","hentry","entry"],"_links":{"self":[{"href":"https:\/\/andrelandia.mg.gov.br\/site\/wp-json\/wp\/v2\/pages\/12679","targetHints":{"allow":["GET"]}}],"collection":[{"href":"https:\/\/andrelandia.mg.gov.br\/site\/wp-json\/wp\/v2\/pages"}],"about":[{"href":"https:\/\/andrelandia.mg.gov.br\/site\/wp-json\/wp\/v2\/types\/page"}],"author":[{"embeddable":true,"href":"https:\/\/andrelandia.mg.gov.br\/site\/wp-json\/wp\/v2\/users\/4"}],"replies":[{"embeddable":true,"href":"https:\/\/andrelandia.mg.gov.br\/site\/wp-json\/wp\/v2\/comments?post=12679"}],"version-history":[{"count":5,"href":"https:\/\/andrelandia.mg.gov.br\/site\/wp-json\/wp\/v2\/pages\/12679\/revisions"}],"predecessor-version":[{"id":17824,"href":"https:\/\/andrelandia.mg.gov.br\/site\/wp-json\/wp\/v2\/pages\/12679\/revisions\/17824"}],"wp:attachment":[{"href":"https:\/\/andrelandia.mg.gov.br\/site\/wp-json\/wp\/v2\/media?parent=12679"}],"curies":[{"name":"wp","href":"https:\/\/api.w.org\/{rel}","templated":true}]}}