{"id":15760,"date":"2023-07-28T22:06:36","date_gmt":"2023-07-28T22:06:36","guid":{"rendered":"https:\/\/andrelandia.mg.gov.br\/site\/?page_id=15760"},"modified":"2023-07-28T22:06:36","modified_gmt":"2023-07-28T22:06:36","slug":"extrato-retificacao-no-01","status":"publish","type":"page","link":"https:\/\/andrelandia.mg.gov.br\/site\/extrato-retificacao-no-01\/","title":{"rendered":"EXTRATO RETIFICA\u00c7\u00c3O N\u00ba 01\u00a0"},"content":{"rendered":"<p><strong>EXTRATO RETIFICA\u00c7\u00c3O N\u00ba 01<\/strong><em>\u00a0<\/em><\/p>\n<p><strong><em>PROCESSO SELETIVO SIMPLIFICADO PARA CONTRATA\u00c7\u00c3O DE CARGOS\/FUN\u00c7\u00d5ES TEMPOR\u00c1RIOS(AS) PARA O MUNIC\u00cdPIO DE ANDREL\u00c2NDIA\/MG &#8211; EDITAL N\u00ba 05\/2023<\/em><\/strong><strong>\u00a0<\/strong><\/p>\n<p>O Exmo. Sr. Francisco Carlos Rivelli, DD. Prefeito do Munic\u00edpio de Andrel\u00e2ndia, torna p\u00fablico a disponibiliza\u00e7\u00e3o da Retifica\u00e7\u00e3o n\u00ba 01, referente ao Edital n\u00ba 05\/2023 do Processo Seletivo Simplificado do Munic\u00edpio de Andrel\u00e2ndia\/MG e esclarece que o extrato ser\u00e1 afixado no Quadro de Avisos e Publica\u00e7\u00f5es da Prefeitura Municipal de Andrel\u00e2ndia e divulgado no endere\u00e7o eletr\u00f4nico: <a href=\"http:\/\/www.ibgpconcursos.com.br\">www.ibgpconcursos.com.br<\/a>.<\/p>\n<p>Andrel\u00e2ndia, 28 de julho de 2023.<\/p>\n<p>&nbsp;<\/p>\n<p><strong>FRANCISCO CARLOS RIVELLI <\/strong><\/p>\n<p><strong>PREFEITO DO MUNIC\u00cdPIO DE ANDREL\u00c2NDIA\/MG<\/strong><\/p>\n","protected":false},"excerpt":{"rendered":"<p>EXTRATO RETIFICA\u00c7\u00c3O N\u00ba 01\u00a0 PROCESSO SELETIVO SIMPLIFICADO PARA CONTRATA\u00c7\u00c3O DE CARGOS\/FUN\u00c7\u00d5ES TEMPOR\u00c1RIOS(AS) PARA O MUNIC\u00cdPIO DE ANDREL\u00c2NDIA\/MG &#8211; EDITAL N\u00ba 05\/2023\u00a0 O Exmo. Sr. Francisco Carlos Rivelli, DD. Prefeito do Munic\u00edpio de Andrel\u00e2ndia, torna p\u00fablico a disponibiliza\u00e7\u00e3o da Retifica\u00e7\u00e3o n\u00ba 01, referente ao Edital n\u00ba 05\/2023 do Processo Seletivo Simplificado do Munic\u00edpio de Andrel\u00e2ndia\/MG e [&hellip;]<\/p>\n","protected":false},"author":2,"featured_media":15762,"parent":0,"menu_order":0,"comment_status":"closed","ping_status":"open","template":"","meta":{"footnotes":""},"class_list":["post-15760","page","type-page","status-publish","has-post-thumbnail","hentry","entry","has-media"],"_links":{"self":[{"href":"https:\/\/andrelandia.mg.gov.br\/site\/wp-json\/wp\/v2\/pages\/15760","targetHints":{"allow":["GET"]}}],"collection":[{"href":"https:\/\/andrelandia.mg.gov.br\/site\/wp-json\/wp\/v2\/pages"}],"about":[{"href":"https:\/\/andrelandia.mg.gov.br\/site\/wp-json\/wp\/v2\/types\/page"}],"author":[{"embeddable":true,"href":"https:\/\/andrelandia.mg.gov.br\/site\/wp-json\/wp\/v2\/users\/2"}],"replies":[{"embeddable":true,"href":"https:\/\/andrelandia.mg.gov.br\/site\/wp-json\/wp\/v2\/comments?post=15760"}],"version-history":[{"count":0,"href":"https:\/\/andrelandia.mg.gov.br\/site\/wp-json\/wp\/v2\/pages\/15760\/revisions"}],"wp:featuredmedia":[{"embeddable":true,"href":"https:\/\/andrelandia.mg.gov.br\/site\/wp-json\/wp\/v2\/posts\/15762"}],"wp:attachment":[{"href":"https:\/\/andrelandia.mg.gov.br\/site\/wp-json\/wp\/v2\/media?parent=15760"}],"curies":[{"name":"wp","href":"https:\/\/api.w.org\/{rel}","templated":true}]}}