{"id":16997,"date":"2025-02-11T00:27:59","date_gmt":"2025-02-11T00:27:59","guid":{"rendered":"https:\/\/andrelandia.mg.gov.br\/site\/?page_id=16997"},"modified":"2025-02-11T00:27:59","modified_gmt":"2025-02-11T00:27:59","slug":"andrelandia","status":"publish","type":"page","link":"https:\/\/andrelandia.mg.gov.br\/site\/andrelandia\/","title":{"rendered":"Andrel\u00e2ndia"},"content":{"rendered":"<p>Andrel\u00e2ndia \u00e9 um munic\u00edpio brasileiro do estado de Minas Gerais. Localiza-se na Mesorregi\u00e3o do Sul e Sudoeste de Minas e sedia a Microrregi\u00e3o de Andrel\u00e2ndia, ao sul da capital do estado, da qual est\u00e1 a cerca de 300 km. Ocupa uma \u00e1rea de aproximadamente 1 005 km\u00b2 e sua popula\u00e7\u00e3o, em 2014, foi estimada em 12 507 habitantes, sendo o 296\u00ba munic\u00edpio mais populoso do estado de Minas Gerais e o segundo de sua microrregi\u00e3o.<\/p>\n<p>Foi fundada em 20 de julho de 1868 com o nome de Vila Bela do Turvo e constitu\u00edda por cinco distritos: Turvo, Arantes, Bom Jardim, Madre de Deus do Rio Grande e S\u00e3o Vicente Ferrer. Ao longo dos anos os distritos elevaram-se a cidades, restando em Andrel\u00e2ndia apenas a sede, seu \u00fanico distrito. Ao longo de sua hist\u00f3ria, o munic\u00edpio teve v\u00e1rias denomina\u00e7\u00f5es. Desde a lei estadual 1 160, de 19 de setembro de 1930, permanece sua denomina\u00e7\u00e3o atual.<\/p>\n<p>A cidade tem grande tradi\u00e7\u00e3o em turismo. Muitos de seus antigos casar\u00f5es s\u00e3o considerados patrim\u00f4nios hist\u00f3ricos municipais. Outros destaques s\u00e3o as festas religiosas, como a Festa de S\u00e3o Sebasti\u00e3o, Folia de Reis, Semana Santa, Festa de S\u00e3o Benedito, Corpus Christi e a festa da padroeira, Nossa Senhora do Porto, em agosto.<\/p>\n<p>A cidade \u00e9 conhecida por ser a terra natal do professor, historiador e acad\u00eamico Jos\u00e9 Murilo de Carvalho, conhecido internacionalmente.<\/p>\n<p><a href=\"https:\/\/web.archive.org\/web\/20240416112941\/https:\/\/drive.google.com\/drive\/folders\/1Qcp-3scaay0jejVF6nwYGVRf8sKTiVpC?usp=sharing\"><img fetchpriority=\"high\" decoding=\"async\" src=\"https:\/\/andrelandia.mg.gov.br\/site\/wp-content\/uploads\/2025\/02\/memoria2-1024x579.jpg\" sizes=\"(max-width: 1024px) 100vw, 1024px\" srcset=\"https:\/\/andrelandia.mg.gov.br\/site\/wp-content\/uploads\/2025\/02\/memoria2-1024x579.jpg 1024w, https:\/\/andrelandia.mg.gov.br\/site\/wp-content\/uploads\/2025\/02\/memoria2-300x170.jpg 300w, https:\/\/andrelandia.mg.gov.br\/site\/wp-content\/uploads\/2025\/02\/memoria2-768x435.jpg 768w, https:\/\/andrelandia.mg.gov.br\/site\/wp-content\/uploads\/2025\/02\/memoria2-750x424.jpg 750w, https:\/\/andrelandia.mg.gov.br\/site\/wp-content\/uploads\/2025\/02\/memoria2-1140x645.jpg 1140w, https:\/\/andrelandia.mg.gov.br\/site\/wp-content\/uploads\/2025\/02\/memoria2.jpg 1200w\" alt=\"\" width=\"1024\" height=\"579\" \/><\/a><\/p>\n","protected":false},"excerpt":{"rendered":"<p>Andrel\u00e2ndia \u00e9 um munic\u00edpio brasileiro do estado de Minas Gerais. Localiza-se na Mesorregi\u00e3o do Sul e Sudoeste de Minas e sedia a Microrregi\u00e3o de Andrel\u00e2ndia, ao sul da capital do estado, da qual est\u00e1 a cerca de 300 km. Ocupa uma \u00e1rea de aproximadamente 1 005 km\u00b2 e sua popula\u00e7\u00e3o, em 2014, foi estimada em [&hellip;]<\/p>\n","protected":false},"author":2,"featured_media":0,"parent":0,"menu_order":0,"comment_status":"closed","ping_status":"open","template":"","meta":{"footnotes":""},"class_list":["post-16997","page","type-page","status-publish","hentry","entry"],"_links":{"self":[{"href":"https:\/\/andrelandia.mg.gov.br\/site\/wp-json\/wp\/v2\/pages\/16997","targetHints":{"allow":["GET"]}}],"collection":[{"href":"https:\/\/andrelandia.mg.gov.br\/site\/wp-json\/wp\/v2\/pages"}],"about":[{"href":"https:\/\/andrelandia.mg.gov.br\/site\/wp-json\/wp\/v2\/types\/page"}],"author":[{"embeddable":true,"href":"https:\/\/andrelandia.mg.gov.br\/site\/wp-json\/wp\/v2\/users\/2"}],"replies":[{"embeddable":true,"href":"https:\/\/andrelandia.mg.gov.br\/site\/wp-json\/wp\/v2\/comments?post=16997"}],"version-history":[{"count":0,"href":"https:\/\/andrelandia.mg.gov.br\/site\/wp-json\/wp\/v2\/pages\/16997\/revisions"}],"wp:attachment":[{"href":"https:\/\/andrelandia.mg.gov.br\/site\/wp-json\/wp\/v2\/media?parent=16997"}],"curies":[{"name":"wp","href":"https:\/\/api.w.org\/{rel}","templated":true}]}}