{"id":17367,"date":"2021-03-20T15:29:05","date_gmt":"2021-03-20T15:29:05","guid":{"rendered":"https:\/\/andrelandia.mg.gov.br\/site\/?page_id=17367"},"modified":"2025-06-26T16:30:26","modified_gmt":"2025-06-26T16:30:26","slug":"plano-municipal-de-saneamento-basico","status":"publish","type":"page","link":"https:\/\/andrelandia.mg.gov.br\/site\/plano-municipal-de-saneamento-basico\/","title":{"rendered":"Plano Municipal de Saneamento B\u00e1sico"},"content":{"rendered":"<h1>Defini\u00e7\u00e3o<\/h1>\n<p>O Plano Municipal de Saneamento B\u00e1sico (PMSB) \u00e9 um instrumento de planejamento que contempla os quatro componentes do setor de saneamento \u2013\u00a0<em>abastecimento de \u00e1gua; esgotamento sanit\u00e1rio; limpeza urbana e manejo de res\u00edduos s\u00f3lidos; drenagem e manejo de \u00e1guas pluviais\u00a0<\/em>\u2013 em um horizonte de vinte anos, abrangendo todo o territ\u00f3rio do munic\u00edpio (suas \u00e1reas urbana e rural).<\/p>\n<p>Este trabalho t\u00e9cnico compatibiliza o diagn\u00f3stico com o progn\u00f3stico dos quatro componentes de servi\u00e7os de saneamento b\u00e1sico e, tamb\u00e9m, agrega os programas, projetos e a\u00e7\u00f5es voltados a gest\u00e3o de cada um desses servi\u00e7os, diante das metas estabelecidas e dos cen\u00e1rios existentes estando em sintonia com a realidade do Munic\u00edpio e com as Pol\u00edticas de Saneamento B\u00e1sico em todas as esferas de poder (Federal, Estadual e Municipal), assim como com as normas, leis, diretrizes vigentes em todas as esferas de compet\u00eancia relacionadas aos temas.<\/p>\n<p>Durante a elabora\u00e7\u00e3o do Plano, deve ser assegurada a efetiva participa\u00e7\u00e3o da popula\u00e7\u00e3o em todas as suas fases, prevendo o envolvimento da sociedade durante a aprova\u00e7\u00e3o, execu\u00e7\u00e3o, avalia\u00e7\u00e3o e revis\u00e3o \u2013 a cada quatro anos \u2013 do PMSB.<\/p>\n<p>O acompanhamento da elabora\u00e7\u00e3o do Plano Municipal de Saneamento B\u00e1sico est\u00e1 a cargo do\u00a0<em>Comit\u00ea de Coordena\u00e7\u00e3o<\/em>, cujas atribui\u00e7\u00f5es s\u00e3o: discutir e avaliar, sempre que necess\u00e1rio o trabalho produzido; criticar e sugerir alternativas, auxiliando o trabalho de elabora\u00e7\u00e3o do Plano; e avaliar o andamento dos trabalhos do ponto de vista de viabilidade t\u00e9cnica, operacional, financeira e ambiental, buscando promover as a\u00e7\u00f5es integradas de saneamento.<\/p>\n<p>Os Produtos esperados do Plano Municipal de Saneamento B\u00e1sico s\u00e3o:<a name=\"_Toc41066898\"><\/a><\/p>\n<p><strong>Decreto com defini\u00e7\u00e3o dos membros e as atribui\u00e7\u00f5es do comit\u00ea de coordena\u00e7\u00e3o;<\/strong><\/p>\n<ul>\n<li><a name=\"_Toc41066899\"><\/a><strong>Plano de mobiliza\u00e7\u00e3o social;<\/strong><\/li>\n<li><a name=\"_Toc41066900\"><\/a><strong>Relat\u00f3rio do diagn\u00f3stico t\u00e9cnico-participativo;<\/strong><\/li>\n<li><a name=\"_Toc41066901\"><\/a><strong>Relat\u00f3rio da prospectiva e planejamento estrat\u00e9gico;<\/strong><\/li>\n<li><a name=\"_Toc41066902\"><\/a><strong>Relat\u00f3rio dos programas, projetos e a\u00e7\u00f5es;<\/strong><\/li>\n<li><a name=\"_Toc41066903\"><\/a><strong>Plano de execu\u00e7\u00e3o;<\/strong><\/li>\n<li><a name=\"_Toc41066904\"><\/a><strong>Minuta de projeto de lei do P<\/strong><strong>lano\u00a0<\/strong><strong>M<\/strong><strong>unicipal de\u00a0<\/strong><strong>S<\/strong><strong>aneamento\u00a0<\/strong><strong>B<\/strong><strong>\u00e1sico<\/strong><strong>;<\/strong><\/li>\n<li><a name=\"_Toc41066905\"><\/a><strong>Relat\u00f3rio de avalia\u00e7\u00e3o de desempenho e sistema de informa\u00e7\u00f5es;<\/strong><\/li>\n<li><strong>Relat\u00f3rio final do Plano Municipal de Saneamento<\/strong><\/li>\n<\/ul>\n<p>Foi realizado um Processo Licitat\u00f3rio e a\u00a0<em>L\u00edder Engenharia e Gest\u00e3o de<\/em>\u00a0<em>Cidades Ltda-ME\u00a0<\/em>\u00e9 a empresa que est\u00e1 encarregada da elabora\u00e7\u00e3o do Plano Municipal de Saneamento B\u00e1sico do Munic\u00edpio de Andrel\u00e2ndia.<\/p>\n<h3><strong>Arquivos para download<\/strong><\/h3>\n<ul>\n<li><a href=\"https:\/\/drive.google.com\/file\/d\/1IGvNX1N6P4yEVZQ9FyRl5tgh2LBu7g73\/view?usp=sharing\">PORTARIA DE NOMEA\u00c7\u00c3O<\/a><\/li>\n<li><a href=\"https:\/\/web.archive.org\/web\/20211016112357\/https:\/\/drive.google.com\/file\/d\/1CP231AHMiLqX6Qq2gvthrOsgwzjKEkhD\/view?usp=sharing\">RELAT\u00d3RIO FOTOGR\u00c1FICO DA REUNI\u00c3O 18\/08\/2021<\/a><\/li>\n<li><a href=\"https:\/\/drive.google.com\/file\/d\/1YRXVSeubHER9XsV7_5_1AH4DTDiaIQ74\/view\">RELAT\u00d3RIO FOTOGR\u00c1FICO DA REUNI\u00c3O DO DIA 26\/08\/2021<\/a><\/li>\n<\/ul>\n","protected":false},"excerpt":{"rendered":"<p>Defini\u00e7\u00e3o O Plano Municipal de Saneamento B\u00e1sico (PMSB) \u00e9 um instrumento de planejamento que contempla os quatro componentes do setor de saneamento \u2013\u00a0abastecimento de \u00e1gua; esgotamento sanit\u00e1rio; limpeza urbana e manejo de res\u00edduos s\u00f3lidos; drenagem e manejo de \u00e1guas pluviais\u00a0\u2013 em um horizonte de vinte anos, abrangendo todo o territ\u00f3rio do munic\u00edpio (suas \u00e1reas urbana [&hellip;]<\/p>\n","protected":false},"author":2,"featured_media":0,"parent":0,"menu_order":0,"comment_status":"closed","ping_status":"closed","template":"","meta":{"footnotes":""},"class_list":["post-17367","page","type-page","status-publish","hentry","entry"],"_links":{"self":[{"href":"https:\/\/andrelandia.mg.gov.br\/site\/wp-json\/wp\/v2\/pages\/17367","targetHints":{"allow":["GET"]}}],"collection":[{"href":"https:\/\/andrelandia.mg.gov.br\/site\/wp-json\/wp\/v2\/pages"}],"about":[{"href":"https:\/\/andrelandia.mg.gov.br\/site\/wp-json\/wp\/v2\/types\/page"}],"author":[{"embeddable":true,"href":"https:\/\/andrelandia.mg.gov.br\/site\/wp-json\/wp\/v2\/users\/2"}],"replies":[{"embeddable":true,"href":"https:\/\/andrelandia.mg.gov.br\/site\/wp-json\/wp\/v2\/comments?post=17367"}],"version-history":[{"count":1,"href":"https:\/\/andrelandia.mg.gov.br\/site\/wp-json\/wp\/v2\/pages\/17367\/revisions"}],"predecessor-version":[{"id":17368,"href":"https:\/\/andrelandia.mg.gov.br\/site\/wp-json\/wp\/v2\/pages\/17367\/revisions\/17368"}],"wp:attachment":[{"href":"https:\/\/andrelandia.mg.gov.br\/site\/wp-json\/wp\/v2\/media?parent=17367"}],"curies":[{"name":"wp","href":"https:\/\/api.w.org\/{rel}","templated":true}]}}